{"id":755,"date":"2020-03-11T03:54:07","date_gmt":"2020-03-11T03:54:07","guid":{"rendered":"http:\/\/localhost\/thea\/?page_id=755"},"modified":"2024-07-08T14:37:13","modified_gmt":"2024-07-08T20:37:13","slug":"informacion-medica","status":"publish","type":"page","link":"https:\/\/miramarlab.mx\/thea_wp\/index.php\/informacion-medica\/","title":{"rendered":"Informaci\u00f3n M\u00e9dica"},"content":{"rendered":"\t\t<div data-elementor-type=\"wp-page\" data-elementor-id=\"755\" class=\"elementor elementor-755\">\n\t\t\t\t\t\t<section class=\"elementor-section elementor-top-section elementor-element elementor-element-abfa867 elementor-section-full_width elementor-section-height-default elementor-section-height-default\" data-id=\"abfa867\" data-element_type=\"section\">\n\t\t\t\t\t\t<div class=\"elementor-container elementor-column-gap-no\">\n\t\t\t\t\t<div class=\"elementor-column elementor-col-100 elementor-top-column elementor-element elementor-element-4744174\" data-id=\"4744174\" data-element_type=\"column\">\n\t\t\t<div class=\"elementor-widget-wrap elementor-element-populated\">\n\t\t\t\t\t\t<div class=\"elementor-element elementor-element-ea831ec elementor-widget elementor-widget-image\" data-id=\"ea831ec\" data-element_type=\"widget\" data-widget_type=\"image.default\">\n\t\t\t\t<div class=\"elementor-widget-container\">\n\t\t\t\t\t\t\t\t\t\t\t\t\t<img fetchpriority=\"high\" decoding=\"async\" width=\"1500\" height=\"485\" src=\"https:\/\/miramarlab.mx\/thea_wp\/wp-content\/uploads\/2020\/03\/default_0.png\" class=\"attachment-full size-full wp-image-228\" alt=\"\" srcset=\"https:\/\/miramarlab.mx\/thea_wp\/wp-content\/uploads\/2020\/03\/default_0.png 1500w, https:\/\/miramarlab.mx\/thea_wp\/wp-content\/uploads\/2020\/03\/default_0-300x97.png 300w, https:\/\/miramarlab.mx\/thea_wp\/wp-content\/uploads\/2020\/03\/default_0-1024x331.png 1024w, https:\/\/miramarlab.mx\/thea_wp\/wp-content\/uploads\/2020\/03\/default_0-768x248.png 768w\" sizes=\"(max-width: 1500px) 100vw, 1500px\" \/>\t\t\t\t\t\t\t\t\t\t\t\t\t<\/div>\n\t\t\t\t<\/div>\n\t\t\t\t\t<\/div>\n\t\t<\/div>\n\t\t\t\t\t<\/div>\n\t\t<\/section>\n\t\t\t\t<section class=\"elementor-section elementor-top-section elementor-element elementor-element-de766c2 elementor-section-content-middle elementor-section-boxed elementor-section-height-default elementor-section-height-default\" data-id=\"de766c2\" data-element_type=\"section\">\n\t\t\t\t\t\t<div class=\"elementor-container elementor-column-gap-no\">\n\t\t\t\t\t<div class=\"elementor-column elementor-col-50 elementor-top-column elementor-element elementor-element-88825de\" data-id=\"88825de\" data-element_type=\"column\" data-settings=\"{&quot;background_background&quot;:&quot;classic&quot;}\">\n\t\t\t<div class=\"elementor-widget-wrap elementor-element-populated\">\n\t\t\t\t\t\t<div class=\"elementor-element elementor-element-16ef265 elementor-widget elementor-widget-spacer\" data-id=\"16ef265\" data-element_type=\"widget\" data-widget_type=\"spacer.default\">\n\t\t\t\t<div class=\"elementor-widget-container\">\n\t\t\t\t\t<div class=\"elementor-spacer\">\n\t\t\t<div class=\"elementor-spacer-inner\"><\/div>\n\t\t<\/div>\n\t\t\t\t<\/div>\n\t\t\t\t<\/div>\n\t\t\t\t<div class=\"elementor-element elementor-element-3ee9e55 elementor-widget elementor-widget-heading\" data-id=\"3ee9e55\" data-element_type=\"widget\" data-widget_type=\"heading.default\">\n\t\t\t\t<div class=\"elementor-widget-container\">\n\t\t\t<h1 class=\"elementor-heading-title elementor-size-default\">Informaci\u00f3n M\u00e9dica<\/h1>\t\t<\/div>\n\t\t\t\t<\/div>\n\t\t\t\t<div class=\"elementor-element elementor-element-74df9e5 elementor-widget-divider--view-line elementor-widget elementor-widget-divider\" data-id=\"74df9e5\" data-element_type=\"widget\" data-widget_type=\"divider.default\">\n\t\t\t\t<div class=\"elementor-widget-container\">\n\t\t\t\t\t<div class=\"elementor-divider\">\n\t\t\t<span class=\"elementor-divider-separator\">\n\t\t\t\t\t\t<\/span>\n\t\t<\/div>\n\t\t\t\t<\/div>\n\t\t\t\t<\/div>\n\t\t\t\t<div class=\"elementor-element elementor-element-9d01707 elementor-widget elementor-widget-text-editor\" data-id=\"9d01707\" data-element_type=\"widget\" data-widget_type=\"text-editor.default\">\n\t\t\t\t<div class=\"elementor-widget-container\">\n\t\t\t\t\t\t\t<h3>Esta secci\u00f3n es exclusiva para el Profesional de la Salud<\/h3><p>Estimado Dr.<\/p><p>En caso de tener alguna duda o requerir informaci\u00f3n m\u00e9dica de algunos de los productos de Laboratorios Th\u00e9a M\u00e9xico, puede solicitar la informaci\u00f3n a trav\u00e9s de los siguientes medios de contacto:<\/p><p>e-mail: <a href=\"mailto:pvmexico@theapharma.com\">pvmexico@theapharma.com<\/a><\/p><p>Tel: 55 84212369 o 55 18428006<\/p><p>Por favor tomar en cuenta la siguiente informaci\u00f3n al momento de enviar su solicitud:<\/p><p>Nombre completo<br \/>Direcci\u00f3n<br \/>Tel\u00e9fono de contacto<br \/>Nombre de producto<br \/>Descripci\u00f3n de su solicitud de informaci\u00f3n<\/p>\t\t\t\t\t\t<\/div>\n\t\t\t\t<\/div>\n\t\t\t\t<div class=\"elementor-element elementor-element-3e48813 elementor-widget elementor-widget-spacer\" data-id=\"3e48813\" data-element_type=\"widget\" data-widget_type=\"spacer.default\">\n\t\t\t\t<div class=\"elementor-widget-container\">\n\t\t\t\t\t<div class=\"elementor-spacer\">\n\t\t\t<div class=\"elementor-spacer-inner\"><\/div>\n\t\t<\/div>\n\t\t\t\t<\/div>\n\t\t\t\t<\/div>\n\t\t\t\t\t<\/div>\n\t\t<\/div>\n\t\t\t\t<div class=\"elementor-column elementor-col-50 elementor-top-column elementor-element elementor-element-b34d0c0\" data-id=\"b34d0c0\" data-element_type=\"column\" data-settings=\"{&quot;background_background&quot;:&quot;classic&quot;}\">\n\t\t\t<div class=\"elementor-widget-wrap\">\n\t\t\t\t\t\t\t<\/div>\n\t\t<\/div>\n\t\t\t\t\t<\/div>\n\t\t<\/section>\n\t\t\t\t<section class=\"elementor-section elementor-top-section elementor-element elementor-element-a54b3d2 elementor-section-full_width elementor-section-height-default elementor-section-height-default\" data-id=\"a54b3d2\" data-element_type=\"section\">\n\t\t\t\t\t\t<div class=\"elementor-container elementor-column-gap-default\">\n\t\t\t\t\t<div class=\"elementor-column elementor-col-100 elementor-top-column elementor-element elementor-element-56e66f7\" data-id=\"56e66f7\" data-element_type=\"column\">\n\t\t\t<div class=\"elementor-widget-wrap elementor-element-populated\">\n\t\t\t\t\t\t<div class=\"elementor-element elementor-element-b633ad0 elementor-widget-divider--view-line elementor-widget elementor-widget-divider\" data-id=\"b633ad0\" data-element_type=\"widget\" data-widget_type=\"divider.default\">\n\t\t\t\t<div class=\"elementor-widget-container\">\n\t\t\t\t\t<div class=\"elementor-divider\">\n\t\t\t<span class=\"elementor-divider-separator\">\n\t\t\t\t\t\t<\/span>\n\t\t<\/div>\n\t\t\t\t<\/div>\n\t\t\t\t<\/div>\n\t\t\t\t\t<\/div>\n\t\t<\/div>\n\t\t\t\t\t<\/div>\n\t\t<\/section>\n\t\t\t\t<section class=\"elementor-section elementor-top-section elementor-element elementor-element-4ad8cb2 elementor-section-boxed elementor-section-height-default elementor-section-height-default\" data-id=\"4ad8cb2\" data-element_type=\"section\">\n\t\t\t\t\t\t<div class=\"elementor-container elementor-column-gap-default\">\n\t\t\t\t\t<div class=\"elementor-column elementor-col-100 elementor-top-column elementor-element elementor-element-a8eb791\" data-id=\"a8eb791\" data-element_type=\"column\">\n\t\t\t<div class=\"elementor-widget-wrap elementor-element-populated\">\n\t\t\t\t\t\t<div class=\"elementor-element elementor-element-f3a7175 elementor-widget elementor-widget-image\" data-id=\"f3a7175\" data-element_type=\"widget\" data-widget_type=\"image.default\">\n\t\t\t\t<div class=\"elementor-widget-container\">\n\t\t\t\t\t\t\t\t\t\t\t\t\t<img decoding=\"async\" width=\"142\" height=\"73\" src=\"https:\/\/miramarlab.mx\/thea_wp\/wp-content\/uploads\/2020\/03\/logo-1.png\" class=\"attachment-full size-full wp-image-195\" alt=\"\" \/>\t\t\t\t\t\t\t\t\t\t\t\t\t<\/div>\n\t\t\t\t<\/div>\n\t\t\t\t<div class=\"elementor-element elementor-element-3beb898 elementor-widget-divider--view-line elementor-widget elementor-widget-divider\" data-id=\"3beb898\" data-element_type=\"widget\" data-widget_type=\"divider.default\">\n\t\t\t\t<div class=\"elementor-widget-container\">\n\t\t\t\t\t<div class=\"elementor-divider\">\n\t\t\t<span class=\"elementor-divider-separator\">\n\t\t\t\t\t\t<\/span>\n\t\t<\/div>\n\t\t\t\t<\/div>\n\t\t\t\t<\/div>\n\t\t\t\t<section class=\"elementor-section elementor-inner-section elementor-element elementor-element-5eab0e7 elementor-section-boxed elementor-section-height-default elementor-section-height-default\" data-id=\"5eab0e7\" data-element_type=\"section\">\n\t\t\t\t\t\t<div class=\"elementor-container elementor-column-gap-default\">\n\t\t\t\t\t<div class=\"elementor-column elementor-col-33 elementor-inner-column elementor-element elementor-element-0a03ef8\" data-id=\"0a03ef8\" data-element_type=\"column\">\n\t\t\t<div class=\"elementor-widget-wrap elementor-element-populated\">\n\t\t\t\t\t\t<div class=\"elementor-element elementor-element-d431612 elementor-widget elementor-widget-text-editor\" data-id=\"d431612\" data-element_type=\"widget\" data-widget_type=\"text-editor.default\">\n\t\t\t\t<div class=\"elementor-widget-container\">\n\t\t\t\t\t\t\t<p><span style=\"color: #0a75a2;\"><strong>M\u00c9XICO<\/strong><\/span><\/p>\n<p>Laboratorios Th\u00e9a<br \/>Av. Ej\u00e9rcito Nacional No. 579<br \/>Piso 8, Local B<br \/>Colonia Granada<br \/>C.P 11520, Ciudad de M\u00e9xico<\/p>\t\t\t\t\t\t<\/div>\n\t\t\t\t<\/div>\n\t\t\t\t\t<\/div>\n\t\t<\/div>\n\t\t\t\t<div class=\"elementor-column elementor-col-33 elementor-inner-column elementor-element elementor-element-284f9c3\" data-id=\"284f9c3\" data-element_type=\"column\">\n\t\t\t<div class=\"elementor-widget-wrap elementor-element-populated\">\n\t\t\t\t\t\t<div class=\"elementor-element elementor-element-4986574 elementor-widget elementor-widget-button\" data-id=\"4986574\" data-element_type=\"widget\" data-widget_type=\"button.default\">\n\t\t\t\t<div class=\"elementor-widget-container\">\n\t\t\t\t\t<div class=\"elementor-button-wrapper\">\n\t\t\t<a class=\"elementor-button elementor-button-link elementor-size-sm\" href=\"https:\/\/miramarlab.mx\/thea_wp\/index.php\/contacto\/\">\n\t\t\t\t\t\t<span class=\"elementor-button-content-wrapper\">\n\t\t\t\t\t\t\t\t\t<span class=\"elementor-button-text\">Contacto<\/span>\n\t\t\t\t\t<\/span>\n\t\t\t\t\t<\/a>\n\t\t<\/div>\n\t\t\t\t<\/div>\n\t\t\t\t<\/div>\n\t\t\t\t<div class=\"elementor-element elementor-element-bac72ae elementor-widget elementor-widget-button\" data-id=\"bac72ae\" data-element_type=\"widget\" data-widget_type=\"button.default\">\n\t\t\t\t<div class=\"elementor-widget-container\">\n\t\t\t\t\t<div class=\"elementor-button-wrapper\">\n\t\t\t<a class=\"elementor-button elementor-button-link elementor-size-sm\" href=\"https:\/\/miramarlab.mx\/thea_wp\/index.php\/informacion-medica\/\">\n\t\t\t\t\t\t<span class=\"elementor-button-content-wrapper\">\n\t\t\t\t\t\t\t\t\t<span class=\"elementor-button-text\">Informaci\u00f3n M\u00e9dica<\/span>\n\t\t\t\t\t<\/span>\n\t\t\t\t\t<\/a>\n\t\t<\/div>\n\t\t\t\t<\/div>\n\t\t\t\t<\/div>\n\t\t\t\t<div class=\"elementor-element elementor-element-bdb0d63 elementor-widget elementor-widget-button\" data-id=\"bdb0d63\" data-element_type=\"widget\" data-widget_type=\"button.default\">\n\t\t\t\t<div class=\"elementor-widget-container\">\n\t\t\t\t\t<div class=\"elementor-button-wrapper\">\n\t\t\t<a class=\"elementor-button elementor-button-link elementor-size-sm\" href=\"https:\/\/miramarlab.mx\/thea_wp\/index.php\/informacion-seguridad\/\">\n\t\t\t\t\t\t<span class=\"elementor-button-content-wrapper\">\n\t\t\t\t\t\t\t\t\t<span class=\"elementor-button-text\">Informaci\u00f3n Seguridad Nuestros Productos<\/span>\n\t\t\t\t\t<\/span>\n\t\t\t\t\t<\/a>\n\t\t<\/div>\n\t\t\t\t<\/div>\n\t\t\t\t<\/div>\n\t\t\t\t\t<\/div>\n\t\t<\/div>\n\t\t\t\t<div class=\"elementor-column elementor-col-33 elementor-inner-column elementor-element elementor-element-71b8e15\" data-id=\"71b8e15\" data-element_type=\"column\">\n\t\t\t<div class=\"elementor-widget-wrap elementor-element-populated\">\n\t\t\t\t\t\t<div class=\"elementor-element elementor-element-dc5f58e elementor-widget elementor-widget-image\" data-id=\"dc5f58e\" data-element_type=\"widget\" data-widget_type=\"image.default\">\n\t\t\t\t<div class=\"elementor-widget-container\">\n\t\t\t\t\t\t\t\t\t\t\t\t\t<img decoding=\"async\" width=\"437\" height=\"216\" src=\"https:\/\/miramarlab.mx\/thea_wp\/wp-content\/uploads\/2020\/03\/bg_footer_cut.jpg\" class=\"attachment-full size-full wp-image-529\" alt=\"\" srcset=\"https:\/\/miramarlab.mx\/thea_wp\/wp-content\/uploads\/2020\/03\/bg_footer_cut.jpg 437w, https:\/\/miramarlab.mx\/thea_wp\/wp-content\/uploads\/2020\/03\/bg_footer_cut-300x148.jpg 300w\" sizes=\"(max-width: 437px) 100vw, 437px\" \/>\t\t\t\t\t\t\t\t\t\t\t\t\t<\/div>\n\t\t\t\t<\/div>\n\t\t\t\t\t<\/div>\n\t\t<\/div>\n\t\t\t\t\t<\/div>\n\t\t<\/section>\n\t\t\t\t<div class=\"elementor-element elementor-element-4d1c767 elementor-widget elementor-widget-spacer\" data-id=\"4d1c767\" data-element_type=\"widget\" data-widget_type=\"spacer.default\">\n\t\t\t\t<div class=\"elementor-widget-container\">\n\t\t\t\t\t<div class=\"elementor-spacer\">\n\t\t\t<div class=\"elementor-spacer-inner\"><\/div>\n\t\t<\/div>\n\t\t\t\t<\/div>\n\t\t\t\t<\/div>\n\t\t\t\t\t<\/div>\n\t\t<\/div>\n\t\t\t\t\t<\/div>\n\t\t<\/section>\n\t\t\t\t<section class=\"elementor-section elementor-top-section elementor-element elementor-element-451bbd6 elementor-section-full_width elementor-section-height-default elementor-section-height-default\" data-id=\"451bbd6\" data-element_type=\"section\" data-settings=\"{&quot;background_background&quot;:&quot;classic&quot;}\">\n\t\t\t\t\t\t<div class=\"elementor-container elementor-column-gap-default\">\n\t\t\t\t\t<div class=\"elementor-column elementor-col-100 elementor-top-column elementor-element elementor-element-66eb186\" data-id=\"66eb186\" data-element_type=\"column\">\n\t\t\t<div class=\"elementor-widget-wrap elementor-element-populated\">\n\t\t\t\t\t\t<div class=\"elementor-element elementor-element-5a094ed elementor-align-center elementor-widget elementor-widget-button\" data-id=\"5a094ed\" data-element_type=\"widget\" data-widget_type=\"button.default\">\n\t\t\t\t<div class=\"elementor-widget-container\">\n\t\t\t\t\t<div class=\"elementor-button-wrapper\">\n\t\t\t<a class=\"elementor-button elementor-button-link elementor-size-sm\" href=\"https:\/\/miramarlab.mx\/thea_wp\/index.php\/aviso-de-privacidad\/\">\n\t\t\t\t\t\t<span class=\"elementor-button-content-wrapper\">\n\t\t\t\t\t\t\t\t\t<span class=\"elementor-button-text\">AVISO DE PRIVACIDAD<\/span>\n\t\t\t\t\t<\/span>\n\t\t\t\t\t<\/a>\n\t\t<\/div>\n\t\t\t\t<\/div>\n\t\t\t\t<\/div>\n\t\t\t\t\t<\/div>\n\t\t<\/div>\n\t\t\t\t\t<\/div>\n\t\t<\/section>\n\t\t\t\t<section class=\"elementor-section elementor-top-section elementor-element elementor-element-b330814 elementor-section-boxed elementor-section-height-default elementor-section-height-default\" data-id=\"b330814\" data-element_type=\"section\" data-settings=\"{&quot;background_background&quot;:&quot;classic&quot;}\">\n\t\t\t\t\t\t<div class=\"elementor-container elementor-column-gap-default\">\n\t\t\t\t\t<div class=\"elementor-column elementor-col-25 elementor-top-column elementor-element elementor-element-ac4853f\" data-id=\"ac4853f\" data-element_type=\"column\">\n\t\t\t<div class=\"elementor-widget-wrap elementor-element-populated\">\n\t\t\t\t\t\t<div class=\"elementor-element elementor-element-cfcce15 elementor-widget elementor-widget-wp-widget-nav_menu\" data-id=\"cfcce15\" data-element_type=\"widget\" data-widget_type=\"wp-widget-nav_menu.default\">\n\t\t\t\t<div class=\"elementor-widget-container\">\n\t\t\t<h5>Grupo<\/h5><div class=\"menu-grupo-menu-container\"><ul id=\"menu-grupo-menu\" class=\"menu\"><li id=\"menu-item-139\" class=\"menu-item menu-item-type-post_type menu-item-object-page menu-item-139\"><a href=\"https:\/\/miramarlab.mx\/thea_wp\/index.php\/grupo\/thea-en-el-mundo\/\">Th\u00e9a en el Mundo<\/a><\/li>\n<li id=\"menu-item-138\" class=\"menu-item menu-item-type-post_type menu-item-object-page menu-item-138\"><a href=\"https:\/\/miramarlab.mx\/thea_wp\/index.php\/grupo\/cultura-empresarial\/\">Cultura Empresarial<\/a><\/li>\n<\/ul><\/div>\t\t<\/div>\n\t\t\t\t<\/div>\n\t\t\t\t\t<\/div>\n\t\t<\/div>\n\t\t\t\t<div class=\"elementor-column elementor-col-25 elementor-top-column elementor-element elementor-element-3d21d66\" data-id=\"3d21d66\" data-element_type=\"column\">\n\t\t\t<div class=\"elementor-widget-wrap elementor-element-populated\">\n\t\t\t\t\t\t<div class=\"elementor-element elementor-element-f357f91 elementor-widget elementor-widget-wp-widget-nav_menu\" data-id=\"f357f91\" data-element_type=\"widget\" data-widget_type=\"wp-widget-nav_menu.default\">\n\t\t\t\t<div class=\"elementor-widget-container\">\n\t\t\t<h5>Innovaci\u00f3n<\/h5><div class=\"menu-innovacion-menu-container\"><ul id=\"menu-innovacion-menu\" class=\"menu\"><li id=\"menu-item-141\" class=\"menu-item menu-item-type-post_type menu-item-object-page menu-item-141\"><a href=\"https:\/\/miramarlab.mx\/thea_wp\/index.php\/innovacion\/innovacion\/\">Innovaci\u00f3n<\/a><\/li>\n<li id=\"menu-item-142\" class=\"menu-item menu-item-type-post_type menu-item-object-page menu-item-142\"><a href=\"https:\/\/miramarlab.mx\/thea_wp\/index.php\/innovacion\/sin-conservador\/\">Sin conservador<\/a><\/li>\n<\/ul><\/div>\t\t<\/div>\n\t\t\t\t<\/div>\n\t\t\t\t\t<\/div>\n\t\t<\/div>\n\t\t\t\t<div class=\"elementor-column elementor-col-25 elementor-top-column elementor-element elementor-element-5ff6e46\" data-id=\"5ff6e46\" data-element_type=\"column\">\n\t\t\t<div class=\"elementor-widget-wrap elementor-element-populated\">\n\t\t\t\t\t\t<div class=\"elementor-element elementor-element-5618e62 elementor-widget elementor-widget-wp-widget-nav_menu\" data-id=\"5618e62\" data-element_type=\"widget\" data-widget_type=\"wp-widget-nav_menu.default\">\n\t\t\t\t<div class=\"elementor-widget-container\">\n\t\t\t<h5>Productos<\/h5><div class=\"menu-productos-menu-container\"><ul id=\"menu-productos-menu\" class=\"menu\"><li id=\"menu-item-143\" class=\"menu-item menu-item-type-post_type menu-item-object-page menu-item-143\"><a href=\"https:\/\/miramarlab.mx\/thea_wp\/index.php\/productos\/psalud\/\">Productos<\/a><\/li>\n<\/ul><\/div>\t\t<\/div>\n\t\t\t\t<\/div>\n\t\t\t\t\t<\/div>\n\t\t<\/div>\n\t\t\t\t<div class=\"elementor-column elementor-col-25 elementor-top-column elementor-element elementor-element-44211ba\" data-id=\"44211ba\" data-element_type=\"column\">\n\t\t\t<div class=\"elementor-widget-wrap elementor-element-populated\">\n\t\t\t\t\t\t<div class=\"elementor-element elementor-element-3ab6709 elementor-widget elementor-widget-wp-widget-nav_menu\" data-id=\"3ab6709\" data-element_type=\"widget\" data-widget_type=\"wp-widget-nav_menu.default\">\n\t\t\t\t<div class=\"elementor-widget-container\">\n\t\t\t<h5>Comprometidos<\/h5><div class=\"menu-comprometidos-menu-container\"><ul id=\"menu-comprometidos-menu\" class=\"menu\"><li id=\"menu-item-137\" class=\"menu-item menu-item-type-post_type menu-item-object-page menu-item-137\"><a href=\"https:\/\/miramarlab.mx\/thea_wp\/index.php\/comprometidos\/formacion\/\">Formaci\u00f3n<\/a><\/li>\n<li id=\"menu-item-136\" class=\"menu-item menu-item-type-post_type menu-item-object-page menu-item-136\"><a href=\"https:\/\/miramarlab.mx\/thea_wp\/index.php\/comprometidos\/fundacion\/\">Fundaci\u00f3n<\/a><\/li>\n<\/ul><\/div>\t\t<\/div>\n\t\t\t\t<\/div>\n\t\t\t\t\t<\/div>\n\t\t<\/div>\n\t\t\t\t\t<\/div>\n\t\t<\/section>\n\t\t\t\t<\/div>\n\t\t","protected":false},"excerpt":{"rendered":"<p>Informaci\u00f3n M\u00e9dica Esta secci\u00f3n es exclusiva para el Profesional de la Salud Estimado Dr. En caso de tener alguna duda o requerir informaci\u00f3n m\u00e9dica de algunos de los productos de Laboratorios Th\u00e9a M\u00e9xico, puede solicitar la informaci\u00f3n a trav\u00e9s de los siguientes medios de contacto: e-mail: pvmexico@theapharma.com Tel: 55 84212369 [&hellip;]<\/p>\n","protected":false},"author":1,"featured_media":0,"parent":0,"menu_order":0,"comment_status":"closed","ping_status":"closed","template":"page-templates\/template-pagebuilder-full-width.php","meta":{"footnotes":""},"class_list":["post-755","page","type-page","status-publish","hentry"],"_links":{"self":[{"href":"https:\/\/miramarlab.mx\/thea_wp\/index.php\/wp-json\/wp\/v2\/pages\/755"}],"collection":[{"href":"https:\/\/miramarlab.mx\/thea_wp\/index.php\/wp-json\/wp\/v2\/pages"}],"about":[{"href":"https:\/\/miramarlab.mx\/thea_wp\/index.php\/wp-json\/wp\/v2\/types\/page"}],"author":[{"embeddable":true,"href":"https:\/\/miramarlab.mx\/thea_wp\/index.php\/wp-json\/wp\/v2\/users\/1"}],"replies":[{"embeddable":true,"href":"https:\/\/miramarlab.mx\/thea_wp\/index.php\/wp-json\/wp\/v2\/comments?post=755"}],"version-history":[{"count":37,"href":"https:\/\/miramarlab.mx\/thea_wp\/index.php\/wp-json\/wp\/v2\/pages\/755\/revisions"}],"predecessor-version":[{"id":1750,"href":"https:\/\/miramarlab.mx\/thea_wp\/index.php\/wp-json\/wp\/v2\/pages\/755\/revisions\/1750"}],"wp:attachment":[{"href":"https:\/\/miramarlab.mx\/thea_wp\/index.php\/wp-json\/wp\/v2\/media?parent=755"}],"curies":[{"name":"wp","href":"https:\/\/api.w.org\/{rel}","templated":true}]}}